{"id":180,"date":"2026-03-16T13:16:02","date_gmt":"2026-03-16T13:16:02","guid":{"rendered":"https:\/\/damina.weareweblabs.com\/datenschutzerklaerung\/"},"modified":"2026-03-30T08:42:48","modified_gmt":"2026-03-30T08:42:48","slug":"privacy-policy","status":"publish","type":"page","link":"https:\/\/damina-performance.de\/en\/privacy-policy\/","title":{"rendered":"Privacy Policy"},"content":{"rendered":"<h1>Privacy Policy<\/h1>\n<h2>1. Data protection at a glance<\/h2>\n<p>We appreciate your interest in our online shop for high-quality alloy wheels (B2C &amp; B2B). Protecting your personal data is very important to us. Below, we provide detailed information about how we handle your data.<\/p>\n<h2>2. Responsible body<\/h2>\n<p>The controller responsible for data processing on this website is:<br \/>\nDamina Performance<br \/>\nRobert Bosch Street 4<br \/>\n71711 Murr<br \/>\nGermany<br \/>\nEmail: info@damina-performance.de<\/p>\n<h2>3. Data collection on our website<\/h2>\n<h3>Server log files<\/h3>\n<p>The website provider automatically collects and stores information in so-called server log files, which your browser automatically transmits to us. This information includes browser type and version, operating system used, referrer URL, hostname of the accessing computer, time of the server request, and IP address.<\/p>\n<h3>Customer data in the webshop (WooCommerce)<\/h3>\n<p>When you place an order in our shop, we collect data for contract processing (name, address, email, payment details). This applies to guest orders as well as registered accounts (B2C and B2B). The legal basis is Art. 6 para. 1 lit. b GDPR (contract performance). For B2B customers, we also collect the company address and VAT ID number.<\/p>\n<h3>Cookies<\/h3>\n<p>We use cookies to make our shop user-friendly, for example to save the contents of your shopping cart. No consent is required for essential cookies. We only use other cookies (analytics) with your consent (Art. 6 para. 1 lit. a GDPR).<\/p>\n<h2>4. Payment service providers<\/h2>\n<p>We integrate external payment providers (e.g., PayPal, Klarna, Stripe). When you make a payment, your payment details are forwarded directly to these providers for processing. The privacy policies of the respective providers apply.<\/p>\n<h2>5. Rights of those affected<\/h2>\n<p>You have the right to request information about your stored personal data, its origin and recipients, and the purpose of the data processing, as well as the right to rectification, blocking, or erasure of this data. Please contact us at the address provided.<\/p>\n<h2>6. B2B Registration \/ Dealers<\/h2>\n<p>When you register as a trader, we store your company name, contact person, and VAT identification number to provide you with specific wholesale terms and fulfill your tax obligations. This data will be deleted once the tax audit period has ended.<\/p>","protected":false},"excerpt":{"rendered":"<p>Datenschutzerkl\u00e4rung 1. Datenschutz auf einen Blick Wir freuen uns \u00fcber Ihr Interesse an unserem Online-Shop f\u00fcr hochwertige Alufelgen (B2C &#038; B2B). Der Schutz Ihrer personenbezogenen Daten ist uns ein wichtiges Anliegen. Im Folgenden informieren wir Sie ausf\u00fchrlich \u00fcber den Umgang mit Ihren Daten. 2. Verantwortliche Stelle Verantwortlicher f\u00fcr die Datenverarbeitung auf dieser Website ist: Damina [&hellip;]<\/p>","protected":false},"author":0,"featured_media":0,"parent":0,"menu_order":0,"comment_status":"closed","ping_status":"closed","template":"","meta":{"footnotes":""},"class_list":["post-180","page","type-page","status-publish","hentry"],"yoast_head":"<title>Datenschutzerkl\u00e4rung - Damina Performance<\/title>\n<meta name=\"robots\" content=\"index, follow, max-snippet:-1, max-image-preview:large, max-video-preview:-1\" \/>\n<link rel=\"canonical\" href=\"https:\/\/damina-performance.de\/en\/privacy-policy\/\" \/>\n<meta property=\"og:locale\" content=\"en_GB\" \/>\n<meta property=\"og:type\" content=\"article\" \/>\n<meta property=\"og:title\" content=\"Datenschutzerkl\u00e4rung - Damina Performance\" \/>\n<meta property=\"og:description\" content=\"Datenschutzerkl\u00e4rung 1. Datenschutz auf einen Blick Wir freuen uns \u00fcber Ihr Interesse an unserem Online-Shop f\u00fcr hochwertige Alufelgen (B2C &#038; B2B). Der Schutz Ihrer personenbezogenen Daten ist uns ein wichtiges Anliegen. Im Folgenden informieren wir Sie ausf\u00fchrlich \u00fcber den Umgang mit Ihren Daten. 2. Verantwortliche Stelle Verantwortlicher f\u00fcr die Datenverarbeitung auf dieser Website ist: Damina [&hellip;]\" \/>\n<meta property=\"og:url\" content=\"https:\/\/damina-performance.de\/en\/privacy-policy\/\" \/>\n<meta property=\"og:site_name\" content=\"Damina Performance\" \/>\n<meta property=\"article:modified_time\" content=\"2026-03-30T08:42:48+00:00\" \/>\n<meta property=\"og:image\" content=\"https:\/\/damina-performance.de\/wp-content\/uploads\/2026\/03\/felge.webp\" \/>\n\t<meta property=\"og:image:width\" content=\"500\" \/>\n\t<meta property=\"og:image:height\" content=\"499\" \/>\n\t<meta property=\"og:image:type\" content=\"image\/webp\" \/>\n<meta name=\"twitter:card\" content=\"summary_large_image\" \/>\n<meta name=\"twitter:label1\" content=\"Est. reading time\" \/>\n\t<meta name=\"twitter:data1\" content=\"2 minutes\" \/>\n<script type=\"application\/ld+json\" class=\"yoast-schema-graph\">{\"@context\":\"https:\\\/\\\/schema.org\",\"@graph\":[{\"@type\":\"WebPage\",\"@id\":\"https:\\\/\\\/damina-performance.de\\\/datenschutzerklaerung\\\/\",\"url\":\"https:\\\/\\\/damina-performance.de\\\/datenschutzerklaerung\\\/\",\"name\":\"Datenschutzerkl\u00e4rung - Damina Performance\",\"isPartOf\":{\"@id\":\"https:\\\/\\\/damina-performance.de\\\/#website\"},\"datePublished\":\"2026-03-16T13:16:02+00:00\",\"dateModified\":\"2026-03-30T08:42:48+00:00\",\"breadcrumb\":{\"@id\":\"https:\\\/\\\/damina-performance.de\\\/datenschutzerklaerung\\\/#breadcrumb\"},\"inLanguage\":\"en-GB\",\"potentialAction\":[{\"@type\":\"ReadAction\",\"target\":[\"https:\\\/\\\/damina-performance.de\\\/datenschutzerklaerung\\\/\"]}]},{\"@type\":\"BreadcrumbList\",\"@id\":\"https:\\\/\\\/damina-performance.de\\\/datenschutzerklaerung\\\/#breadcrumb\",\"itemListElement\":[{\"@type\":\"ListItem\",\"position\":1,\"name\":\"Start\",\"item\":\"https:\\\/\\\/damina-performance.de\\\/\"},{\"@type\":\"ListItem\",\"position\":2,\"name\":\"Datenschutzerkl\u00e4rung\"}]},{\"@type\":\"WebSite\",\"@id\":\"https:\\\/\\\/damina-performance.de\\\/#website\",\"url\":\"https:\\\/\\\/damina-performance.de\\\/\",\"name\":\"Damina Performance\",\"description\":\"Fahrdynamik beginnt bei der Felge\",\"alternateName\":\"Damina\",\"potentialAction\":[{\"@type\":\"SearchAction\",\"target\":{\"@type\":\"EntryPoint\",\"urlTemplate\":\"https:\\\/\\\/damina-performance.de\\\/?s={search_term_string}\"},\"query-input\":{\"@type\":\"PropertyValueSpecification\",\"valueRequired\":true,\"valueName\":\"search_term_string\"}}],\"inLanguage\":\"en-GB\"}]}<\/script>","yoast_head_json":{"title":"Datenschutzerkl\u00e4rung - Damina Performance","robots":{"index":"index","follow":"follow","max-snippet":"max-snippet:-1","max-image-preview":"max-image-preview:large","max-video-preview":"max-video-preview:-1"},"canonical":"https:\/\/damina-performance.de\/en\/privacy-policy\/","og_locale":"en_GB","og_type":"article","og_title":"Datenschutzerkl\u00e4rung - Damina Performance","og_description":"Datenschutzerkl\u00e4rung 1. Datenschutz auf einen Blick Wir freuen uns \u00fcber Ihr Interesse an unserem Online-Shop f\u00fcr hochwertige Alufelgen (B2C &#038; B2B). Der Schutz Ihrer personenbezogenen Daten ist uns ein wichtiges Anliegen. Im Folgenden informieren wir Sie ausf\u00fchrlich \u00fcber den Umgang mit Ihren Daten. 2. Verantwortliche Stelle Verantwortlicher f\u00fcr die Datenverarbeitung auf dieser Website ist: Damina [&hellip;]","og_url":"https:\/\/damina-performance.de\/en\/privacy-policy\/","og_site_name":"Damina Performance","article_modified_time":"2026-03-30T08:42:48+00:00","og_image":[{"width":500,"height":499,"url":"https:\/\/damina-performance.de\/wp-content\/uploads\/2026\/03\/felge.webp","type":"image\/webp"}],"twitter_card":"summary_large_image","twitter_misc":{"Est. reading time":"2 minutes"},"schema":{"@context":"https:\/\/schema.org","@graph":[{"@type":"WebPage","@id":"https:\/\/damina-performance.de\/datenschutzerklaerung\/","url":"https:\/\/damina-performance.de\/datenschutzerklaerung\/","name":"Datenschutzerkl\u00e4rung - Damina Performance","isPartOf":{"@id":"https:\/\/damina-performance.de\/#website"},"datePublished":"2026-03-16T13:16:02+00:00","dateModified":"2026-03-30T08:42:48+00:00","breadcrumb":{"@id":"https:\/\/damina-performance.de\/datenschutzerklaerung\/#breadcrumb"},"inLanguage":"en-GB","potentialAction":[{"@type":"ReadAction","target":["https:\/\/damina-performance.de\/datenschutzerklaerung\/"]}]},{"@type":"BreadcrumbList","@id":"https:\/\/damina-performance.de\/datenschutzerklaerung\/#breadcrumb","itemListElement":[{"@type":"ListItem","position":1,"name":"Start","item":"https:\/\/damina-performance.de\/"},{"@type":"ListItem","position":2,"name":"Datenschutzerkl\u00e4rung"}]},{"@type":"WebSite","@id":"https:\/\/damina-performance.de\/#website","url":"https:\/\/damina-performance.de\/","name":"Damina Performance","description":"Fahrdynamik beginnt bei der Felge","alternateName":"Damina","potentialAction":[{"@type":"SearchAction","target":{"@type":"EntryPoint","urlTemplate":"https:\/\/damina-performance.de\/?s={search_term_string}"},"query-input":{"@type":"PropertyValueSpecification","valueRequired":true,"valueName":"search_term_string"}}],"inLanguage":"en-GB"}]}},"_links":{"self":[{"href":"https:\/\/damina-performance.de\/en\/wp-json\/wp\/v2\/pages\/180","targetHints":{"allow":["GET"]}}],"collection":[{"href":"https:\/\/damina-performance.de\/en\/wp-json\/wp\/v2\/pages"}],"about":[{"href":"https:\/\/damina-performance.de\/en\/wp-json\/wp\/v2\/types\/page"}],"replies":[{"embeddable":true,"href":"https:\/\/damina-performance.de\/en\/wp-json\/wp\/v2\/comments?post=180"}],"version-history":[{"count":0,"href":"https:\/\/damina-performance.de\/en\/wp-json\/wp\/v2\/pages\/180\/revisions"}],"wp:attachment":[{"href":"https:\/\/damina-performance.de\/en\/wp-json\/wp\/v2\/media?parent=180"}],"curies":[{"name":"wp","href":"https:\/\/api.w.org\/{rel}","templated":true}]}}