{"id":179,"date":"2026-03-16T13:15:00","date_gmt":"2026-03-16T13:15:00","guid":{"rendered":"https:\/\/damina.weareweblabs.com\/zahlung-und-versand\/"},"modified":"2026-03-16T13:15:00","modified_gmt":"2026-03-16T13:15:00","slug":"payment-and-shipping","status":"publish","type":"page","link":"https:\/\/damina-performance.de\/en\/payment-and-shipping\/","title":{"rendered":"Payment and shipping"},"content":{"rendered":"<h2>Payment &amp; Shipping<\/h2>\n<h3>Shipment<\/h3>\n<p>Shipping within Germany is free.<\/p>\n<p>We ship daily (Monday to Friday) using the parcel service DPD.<\/p>\n<p>Delivery usually takes 1 to 2 working days.<\/p>\n<p>During the spring and winter seasons, increased parcel volumes can lead to delivery delays. Please take this into account when scheduling your order.<\/p>\n<h3>Self-collection<\/h3>\n<p>Self-collection is possible at any time by appointment.<\/p>\n<h3>Package acceptance<\/h3>\n<p>Please check the goods for completeness and any damage before acknowledging receipt.<\/p>\n<p>If there is anything wrong with the delivery, this must be reported to the delivery person immediately.<\/p>\n<h3>Payment options<\/h3>\n<h4>prepayment<\/h4>\n<p>The total amount of your order is paid in advance. As soon as we receive your payment, the goods will be ordered from the manufacturer and prepared for delivery. Every incoming order is checked again for fit and T\u00dcV approval. If this check is successful, you will receive confirmation and our bank details in a separate email. You can then conveniently pay by bank transfer.<\/p>\n<h4>PayPal<\/h4>\n<p>Pay conveniently and with buyer protection directly from your PayPal account. You will receive a PayPal transfer email with our information after your order has been reviewed. You then manually initiate the payment via your account at https:\/\/www.paypal.de. A prerequisite for this payment method is an existing and funded PayPal account. As soon as Damina Performance GmbH receives your payment, you will receive an automatic notification and your ordered products will be made available for you. A fee of approximately \u20ac2.51 will be added to the total amount payable via PayPal, including shipping costs.<\/p>\n<h4>Collection<\/h4>\n<p><a href=\"tel:+4971449983132\">+49 (0) 7144 9983132<\/a><br \/>\n+49 (0) 7141 \u2013 702 969 2<br \/>\n<a href=\"mailto:info@damina-performance.de\">info@damina-performance.de<\/a><\/p>\n<h3>Declaration of VAT in price information<\/h3>\n<p>All prices in the linked online shop include statutory value added tax (VAT).<\/p>","protected":false},"excerpt":{"rendered":"<p>Zahlung &amp; Versand Versand Der Versand innerhalb Deutschlands ist kostenlos. Wir versenden t\u00e4glich (Montag bis Freitag) mit dem Paketdienst DPD. Die Lieferzeit betr\u00e4gt in der Regel 1 bis 2 Werktage. In der Fr\u00fchjahrs- &amp; Wintersaison kann es erfahrungsgem\u00e4\u00df durch ein erh\u00f6htes Paketaufkommen zu Verz\u00f6gerungen bei der Lieferung kommen. Dies bitte wir, bei der Terminierung Ihrer [&hellip;]<\/p>","protected":false},"author":0,"featured_media":0,"parent":0,"menu_order":0,"comment_status":"closed","ping_status":"closed","template":"","meta":{"footnotes":""},"class_list":["post-179","page","type-page","status-publish","hentry"],"yoast_head":"<title>Zahlung und Versand - Damina Performance<\/title>\n<meta name=\"robots\" content=\"index, follow, max-snippet:-1, max-image-preview:large, max-video-preview:-1\" \/>\n<link rel=\"canonical\" href=\"https:\/\/damina-performance.de\/en\/payment-and-shipping\/\" \/>\n<meta property=\"og:locale\" content=\"en_GB\" \/>\n<meta property=\"og:type\" content=\"article\" \/>\n<meta property=\"og:title\" content=\"Zahlung und Versand - Damina Performance\" \/>\n<meta property=\"og:description\" content=\"Zahlung &amp; Versand Versand Der Versand innerhalb Deutschlands ist kostenlos. Wir versenden t\u00e4glich (Montag bis Freitag) mit dem Paketdienst DPD. Die Lieferzeit betr\u00e4gt in der Regel 1 bis 2 Werktage. In der Fr\u00fchjahrs- &amp; Wintersaison kann es erfahrungsgem\u00e4\u00df durch ein erh\u00f6htes Paketaufkommen zu Verz\u00f6gerungen bei der Lieferung kommen. Dies bitte wir, bei der Terminierung Ihrer [&hellip;]\" \/>\n<meta property=\"og:url\" content=\"https:\/\/damina-performance.de\/en\/payment-and-shipping\/\" \/>\n<meta property=\"og:site_name\" content=\"Damina Performance\" \/>\n<meta property=\"og:image\" content=\"https:\/\/damina-performance.de\/wp-content\/uploads\/2026\/03\/felge.webp\" \/>\n\t<meta property=\"og:image:width\" content=\"500\" \/>\n\t<meta property=\"og:image:height\" content=\"499\" \/>\n\t<meta property=\"og:image:type\" content=\"image\/webp\" \/>\n<meta name=\"twitter:card\" content=\"summary_large_image\" \/>\n<meta name=\"twitter:label1\" content=\"Est. reading time\" \/>\n\t<meta name=\"twitter:data1\" content=\"1 minute\" \/>\n<script type=\"application\/ld+json\" class=\"yoast-schema-graph\">{\"@context\":\"https:\\\/\\\/schema.org\",\"@graph\":[{\"@type\":\"WebPage\",\"@id\":\"https:\\\/\\\/damina-performance.de\\\/zahlung-und-versand\\\/\",\"url\":\"https:\\\/\\\/damina-performance.de\\\/zahlung-und-versand\\\/\",\"name\":\"Zahlung und Versand - Damina Performance\",\"isPartOf\":{\"@id\":\"https:\\\/\\\/damina-performance.de\\\/#website\"},\"datePublished\":\"2026-03-16T13:15:00+00:00\",\"breadcrumb\":{\"@id\":\"https:\\\/\\\/damina-performance.de\\\/zahlung-und-versand\\\/#breadcrumb\"},\"inLanguage\":\"en-GB\",\"potentialAction\":[{\"@type\":\"ReadAction\",\"target\":[\"https:\\\/\\\/damina-performance.de\\\/zahlung-und-versand\\\/\"]}]},{\"@type\":\"BreadcrumbList\",\"@id\":\"https:\\\/\\\/damina-performance.de\\\/zahlung-und-versand\\\/#breadcrumb\",\"itemListElement\":[{\"@type\":\"ListItem\",\"position\":1,\"name\":\"Start\",\"item\":\"https:\\\/\\\/damina-performance.de\\\/\"},{\"@type\":\"ListItem\",\"position\":2,\"name\":\"Zahlung und Versand\"}]},{\"@type\":\"WebSite\",\"@id\":\"https:\\\/\\\/damina-performance.de\\\/#website\",\"url\":\"https:\\\/\\\/damina-performance.de\\\/\",\"name\":\"Damina Performance\",\"description\":\"Fahrdynamik beginnt bei der Felge\",\"alternateName\":\"Damina\",\"potentialAction\":[{\"@type\":\"SearchAction\",\"target\":{\"@type\":\"EntryPoint\",\"urlTemplate\":\"https:\\\/\\\/damina-performance.de\\\/?s={search_term_string}\"},\"query-input\":{\"@type\":\"PropertyValueSpecification\",\"valueRequired\":true,\"valueName\":\"search_term_string\"}}],\"inLanguage\":\"en-GB\"}]}<\/script>","yoast_head_json":{"title":"Zahlung und Versand - Damina Performance","robots":{"index":"index","follow":"follow","max-snippet":"max-snippet:-1","max-image-preview":"max-image-preview:large","max-video-preview":"max-video-preview:-1"},"canonical":"https:\/\/damina-performance.de\/en\/payment-and-shipping\/","og_locale":"en_GB","og_type":"article","og_title":"Zahlung und Versand - Damina Performance","og_description":"Zahlung &amp; Versand Versand Der Versand innerhalb Deutschlands ist kostenlos. Wir versenden t\u00e4glich (Montag bis Freitag) mit dem Paketdienst DPD. Die Lieferzeit betr\u00e4gt in der Regel 1 bis 2 Werktage. In der Fr\u00fchjahrs- &amp; Wintersaison kann es erfahrungsgem\u00e4\u00df durch ein erh\u00f6htes Paketaufkommen zu Verz\u00f6gerungen bei der Lieferung kommen. Dies bitte wir, bei der Terminierung Ihrer [&hellip;]","og_url":"https:\/\/damina-performance.de\/en\/payment-and-shipping\/","og_site_name":"Damina Performance","og_image":[{"width":500,"height":499,"url":"https:\/\/damina-performance.de\/wp-content\/uploads\/2026\/03\/felge.webp","type":"image\/webp"}],"twitter_card":"summary_large_image","twitter_misc":{"Est. reading time":"1 minute"},"schema":{"@context":"https:\/\/schema.org","@graph":[{"@type":"WebPage","@id":"https:\/\/damina-performance.de\/zahlung-und-versand\/","url":"https:\/\/damina-performance.de\/zahlung-und-versand\/","name":"Zahlung und Versand - Damina Performance","isPartOf":{"@id":"https:\/\/damina-performance.de\/#website"},"datePublished":"2026-03-16T13:15:00+00:00","breadcrumb":{"@id":"https:\/\/damina-performance.de\/zahlung-und-versand\/#breadcrumb"},"inLanguage":"en-GB","potentialAction":[{"@type":"ReadAction","target":["https:\/\/damina-performance.de\/zahlung-und-versand\/"]}]},{"@type":"BreadcrumbList","@id":"https:\/\/damina-performance.de\/zahlung-und-versand\/#breadcrumb","itemListElement":[{"@type":"ListItem","position":1,"name":"Start","item":"https:\/\/damina-performance.de\/"},{"@type":"ListItem","position":2,"name":"Zahlung und Versand"}]},{"@type":"WebSite","@id":"https:\/\/damina-performance.de\/#website","url":"https:\/\/damina-performance.de\/","name":"Damina Performance","description":"Fahrdynamik beginnt bei der Felge","alternateName":"Damina","potentialAction":[{"@type":"SearchAction","target":{"@type":"EntryPoint","urlTemplate":"https:\/\/damina-performance.de\/?s={search_term_string}"},"query-input":{"@type":"PropertyValueSpecification","valueRequired":true,"valueName":"search_term_string"}}],"inLanguage":"en-GB"}]}},"_links":{"self":[{"href":"https:\/\/damina-performance.de\/en\/wp-json\/wp\/v2\/pages\/179","targetHints":{"allow":["GET"]}}],"collection":[{"href":"https:\/\/damina-performance.de\/en\/wp-json\/wp\/v2\/pages"}],"about":[{"href":"https:\/\/damina-performance.de\/en\/wp-json\/wp\/v2\/types\/page"}],"replies":[{"embeddable":true,"href":"https:\/\/damina-performance.de\/en\/wp-json\/wp\/v2\/comments?post=179"}],"version-history":[{"count":0,"href":"https:\/\/damina-performance.de\/en\/wp-json\/wp\/v2\/pages\/179\/revisions"}],"wp:attachment":[{"href":"https:\/\/damina-performance.de\/en\/wp-json\/wp\/v2\/media?parent=179"}],"curies":[{"name":"wp","href":"https:\/\/api.w.org\/{rel}","templated":true}]}}