{"id":178,"date":"2026-03-16T13:14:28","date_gmt":"2026-03-16T13:14:28","guid":{"rendered":"https:\/\/damina.weareweblabs.com\/widerrufsrecht\/"},"modified":"2026-03-30T08:42:49","modified_gmt":"2026-03-30T08:42:49","slug":"right-of-withdrawal","status":"publish","type":"page","link":"https:\/\/damina-performance.de\/en\/right-of-withdrawal\/","title":{"rendered":"Right of withdrawal"},"content":{"rendered":"<h1>Cancellation policy &amp; return policy<\/h1>\n<h2>Exchange &amp; Return \u2013 30-Day Trial!<\/h2>\n<p>If you are not satisfied with the delivered rims or accessories, we will gladly accept their return within 30 days! The only exception is rims that already have tires mounted on them.<\/p>\n<h2>Right of withdrawal<\/h2>\n<p>Consumers have a fourteen-day right of withdrawal.<\/p>\n<p>You have the right to withdraw from this contract within 14 days without giving any reason. The withdrawal period will expire after 14 days from the day on which you acquire, or a third party other than the carrier and indicated by you acquires, physical possession of the last goods.<\/p>\n<p>To exercise your right of withdrawal, you must inform us (Damina Performance, Robert Bosch Str. 4, 71711 Murr, Germany, info@damina-performance.de, Telephone: +49 7144 99 83 132) of your decision to withdraw from this contract by means of a clear statement (e.g. a letter sent by post or e-mail).<\/p>\n<p>To meet the cancellation deadline, it is sufficient that you send your notification of exercising your right of cancellation before the cancellation period expires.<\/p>\n<h2>Consequences of the revocation<\/h2>\n<p>If you withdraw from this contract, we will reimburse all payments received from you, including delivery costs (excluding any additional costs incurred if you chose a delivery method other than our cheapest standard delivery option), without undue delay and no later than fourteen days from the day on which we received your notification of withdrawal. For this reimbursement, we will use the same payment method that you used for the original transaction, unless expressly agreed otherwise; in no case will you be charged any fees as a result of this reimbursement. We may withhold reimbursement until we have received the goods back or you have supplied evidence of having sent back the goods, whichever is the earliest.<\/p>\n<p>You must return or hand over the goods to us without undue delay and in any event no later than fourteen days from the day on which you notify us of your withdrawal from this contract. The deadline is met if you send the goods before the period of fourteen days has expired.<\/p>\n<p>You bear the direct costs of returning the goods. For goods that can be sent by parcel post, you bear the return shipping costs. You are only liable for any diminished value of the goods if this diminished value is due to handling of the goods beyond what is necessary to ascertain their nature, characteristics, and functioning.<\/p>\n<h2>Sample cancellation form<\/h2>\n<p>(If you wish to cancel the contract, please fill out this form and return it.)<\/p>\n<p>\u2013 To Damina Performance, Robert Bosch Str. 4, 71711 Murr, Germany, info@damina-performance.de<\/p>\n<p>\u2013 I\/We (*) hereby revoke the contract concluded by me\/us (*) for the purchase of the following goods (*)\/the provision of the following service (*)<br \/>\n\u2013 Ordered on (*)\/received on (*)<br \/>\n\u2013 Name of consumer(s)<br \/>\n\u2013 Address of the consumer(s)<br \/>\n\u2013 Signature of the consumer(s) (only for notifications on paper)<br \/>\n- Date<br \/>\n(*) Delete as appropriate.<\/p>\n<p><em>NOTE: The right of withdrawal does not apply to contracts for the supply of goods that are not prefabricated and for whose production an individual selection or specification by the consumer is decisive or which are clearly tailored to the personal needs of the consumer (such as vehicle-specific custom-made products or individually assembled complete wheels).<\/em><\/p>","protected":false},"excerpt":{"rendered":"<p>Widerrufsbelehrung &#038; R\u00fcckgaberecht Umtausch &#038; R\u00fcckgabe &#8211; 30 Tage Testen! Wenn Ihnen die gelieferten Felgen oder das Zubeh\u00f6r nicht gefallen, nehmen wir diese innerhalb von 30 Tagen anstandslos zur\u00fcck! Ausgenommen sind lediglich Felgen, auf die bereits Reifen montiert wurden. Widerrufsrecht Verbraucher haben ein vierzehnt\u00e4giges Widerrufsrecht. Sie haben das Recht, binnen vierzehn Tagen ohne Angabe von [&hellip;]<\/p>","protected":false},"author":0,"featured_media":0,"parent":0,"menu_order":0,"comment_status":"closed","ping_status":"closed","template":"","meta":{"footnotes":""},"class_list":["post-178","page","type-page","status-publish","hentry"],"yoast_head":"<title>Widerrufsrecht - Damina Performance<\/title>\n<meta name=\"robots\" content=\"index, follow, max-snippet:-1, max-image-preview:large, max-video-preview:-1\" \/>\n<link rel=\"canonical\" href=\"https:\/\/damina-performance.de\/en\/right-of-withdrawal\/\" \/>\n<meta property=\"og:locale\" content=\"en_GB\" \/>\n<meta property=\"og:type\" content=\"article\" \/>\n<meta property=\"og:title\" content=\"Widerrufsrecht - Damina Performance\" \/>\n<meta property=\"og:description\" content=\"Widerrufsbelehrung &#038; R\u00fcckgaberecht Umtausch &#038; R\u00fcckgabe &#8211; 30 Tage Testen! Wenn Ihnen die gelieferten Felgen oder das Zubeh\u00f6r nicht gefallen, nehmen wir diese innerhalb von 30 Tagen anstandslos zur\u00fcck! Ausgenommen sind lediglich Felgen, auf die bereits Reifen montiert wurden. Widerrufsrecht Verbraucher haben ein vierzehnt\u00e4giges Widerrufsrecht. Sie haben das Recht, binnen vierzehn Tagen ohne Angabe von [&hellip;]\" \/>\n<meta property=\"og:url\" content=\"https:\/\/damina-performance.de\/en\/right-of-withdrawal\/\" \/>\n<meta property=\"og:site_name\" content=\"Damina Performance\" \/>\n<meta property=\"article:modified_time\" content=\"2026-03-30T08:42:49+00:00\" \/>\n<meta property=\"og:image\" content=\"https:\/\/damina-performance.de\/wp-content\/uploads\/2026\/03\/felge.webp\" \/>\n\t<meta property=\"og:image:width\" content=\"500\" \/>\n\t<meta property=\"og:image:height\" content=\"499\" \/>\n\t<meta property=\"og:image:type\" content=\"image\/webp\" \/>\n<meta name=\"twitter:card\" content=\"summary_large_image\" \/>\n<meta name=\"twitter:label1\" content=\"Est. reading time\" \/>\n\t<meta name=\"twitter:data1\" content=\"3 minutes\" \/>\n<script type=\"application\/ld+json\" class=\"yoast-schema-graph\">{\"@context\":\"https:\\\/\\\/schema.org\",\"@graph\":[{\"@type\":\"WebPage\",\"@id\":\"https:\\\/\\\/damina-performance.de\\\/widerrufsrecht\\\/\",\"url\":\"https:\\\/\\\/damina-performance.de\\\/widerrufsrecht\\\/\",\"name\":\"Widerrufsrecht - Damina Performance\",\"isPartOf\":{\"@id\":\"https:\\\/\\\/damina-performance.de\\\/#website\"},\"datePublished\":\"2026-03-16T13:14:28+00:00\",\"dateModified\":\"2026-03-30T08:42:49+00:00\",\"breadcrumb\":{\"@id\":\"https:\\\/\\\/damina-performance.de\\\/widerrufsrecht\\\/#breadcrumb\"},\"inLanguage\":\"en-GB\",\"potentialAction\":[{\"@type\":\"ReadAction\",\"target\":[\"https:\\\/\\\/damina-performance.de\\\/widerrufsrecht\\\/\"]}]},{\"@type\":\"BreadcrumbList\",\"@id\":\"https:\\\/\\\/damina-performance.de\\\/widerrufsrecht\\\/#breadcrumb\",\"itemListElement\":[{\"@type\":\"ListItem\",\"position\":1,\"name\":\"Start\",\"item\":\"https:\\\/\\\/damina-performance.de\\\/\"},{\"@type\":\"ListItem\",\"position\":2,\"name\":\"Widerrufsrecht\"}]},{\"@type\":\"WebSite\",\"@id\":\"https:\\\/\\\/damina-performance.de\\\/#website\",\"url\":\"https:\\\/\\\/damina-performance.de\\\/\",\"name\":\"Damina Performance\",\"description\":\"Fahrdynamik beginnt bei der Felge\",\"alternateName\":\"Damina\",\"potentialAction\":[{\"@type\":\"SearchAction\",\"target\":{\"@type\":\"EntryPoint\",\"urlTemplate\":\"https:\\\/\\\/damina-performance.de\\\/?s={search_term_string}\"},\"query-input\":{\"@type\":\"PropertyValueSpecification\",\"valueRequired\":true,\"valueName\":\"search_term_string\"}}],\"inLanguage\":\"en-GB\"}]}<\/script>","yoast_head_json":{"title":"Widerrufsrecht - Damina Performance","robots":{"index":"index","follow":"follow","max-snippet":"max-snippet:-1","max-image-preview":"max-image-preview:large","max-video-preview":"max-video-preview:-1"},"canonical":"https:\/\/damina-performance.de\/en\/right-of-withdrawal\/","og_locale":"en_GB","og_type":"article","og_title":"Widerrufsrecht - Damina Performance","og_description":"Widerrufsbelehrung &#038; R\u00fcckgaberecht Umtausch &#038; R\u00fcckgabe &#8211; 30 Tage Testen! Wenn Ihnen die gelieferten Felgen oder das Zubeh\u00f6r nicht gefallen, nehmen wir diese innerhalb von 30 Tagen anstandslos zur\u00fcck! Ausgenommen sind lediglich Felgen, auf die bereits Reifen montiert wurden. Widerrufsrecht Verbraucher haben ein vierzehnt\u00e4giges Widerrufsrecht. Sie haben das Recht, binnen vierzehn Tagen ohne Angabe von [&hellip;]","og_url":"https:\/\/damina-performance.de\/en\/right-of-withdrawal\/","og_site_name":"Damina Performance","article_modified_time":"2026-03-30T08:42:49+00:00","og_image":[{"width":500,"height":499,"url":"https:\/\/damina-performance.de\/wp-content\/uploads\/2026\/03\/felge.webp","type":"image\/webp"}],"twitter_card":"summary_large_image","twitter_misc":{"Est. reading time":"3 minutes"},"schema":{"@context":"https:\/\/schema.org","@graph":[{"@type":"WebPage","@id":"https:\/\/damina-performance.de\/widerrufsrecht\/","url":"https:\/\/damina-performance.de\/widerrufsrecht\/","name":"Widerrufsrecht - Damina Performance","isPartOf":{"@id":"https:\/\/damina-performance.de\/#website"},"datePublished":"2026-03-16T13:14:28+00:00","dateModified":"2026-03-30T08:42:49+00:00","breadcrumb":{"@id":"https:\/\/damina-performance.de\/widerrufsrecht\/#breadcrumb"},"inLanguage":"en-GB","potentialAction":[{"@type":"ReadAction","target":["https:\/\/damina-performance.de\/widerrufsrecht\/"]}]},{"@type":"BreadcrumbList","@id":"https:\/\/damina-performance.de\/widerrufsrecht\/#breadcrumb","itemListElement":[{"@type":"ListItem","position":1,"name":"Start","item":"https:\/\/damina-performance.de\/"},{"@type":"ListItem","position":2,"name":"Widerrufsrecht"}]},{"@type":"WebSite","@id":"https:\/\/damina-performance.de\/#website","url":"https:\/\/damina-performance.de\/","name":"Damina Performance","description":"Fahrdynamik beginnt bei der Felge","alternateName":"Damina","potentialAction":[{"@type":"SearchAction","target":{"@type":"EntryPoint","urlTemplate":"https:\/\/damina-performance.de\/?s={search_term_string}"},"query-input":{"@type":"PropertyValueSpecification","valueRequired":true,"valueName":"search_term_string"}}],"inLanguage":"en-GB"}]}},"_links":{"self":[{"href":"https:\/\/damina-performance.de\/en\/wp-json\/wp\/v2\/pages\/178","targetHints":{"allow":["GET"]}}],"collection":[{"href":"https:\/\/damina-performance.de\/en\/wp-json\/wp\/v2\/pages"}],"about":[{"href":"https:\/\/damina-performance.de\/en\/wp-json\/wp\/v2\/types\/page"}],"replies":[{"embeddable":true,"href":"https:\/\/damina-performance.de\/en\/wp-json\/wp\/v2\/comments?post=178"}],"version-history":[{"count":0,"href":"https:\/\/damina-performance.de\/en\/wp-json\/wp\/v2\/pages\/178\/revisions"}],"wp:attachment":[{"href":"https:\/\/damina-performance.de\/en\/wp-json\/wp\/v2\/media?parent=178"}],"curies":[{"name":"wp","href":"https:\/\/api.w.org\/{rel}","templated":true}]}}