{"id":17,"date":"2026-03-10T19:15:20","date_gmt":"2026-03-10T19:15:20","guid":{"rendered":"https:\/\/damina.weareweblabs.com\/?page_id=17"},"modified":"2026-03-12T13:34:57","modified_gmt":"2026-03-12T13:34:57","slug":"appraise","status":"publish","type":"page","link":"https:\/\/damina-performance.de\/en\/appraise\/","title":{"rendered":"Appraise"},"content":{"rendered":"","protected":false},"excerpt":{"rendered":"","protected":false},"author":1,"featured_media":0,"parent":0,"menu_order":0,"comment_status":"closed","ping_status":"closed","template":"page-gutachten.php","meta":{"footnotes":""},"class_list":["post-17","page","type-page","status-publish","hentry"],"yoast_head":"<title>Felgen Gutachten &amp; T\u00dcV Dokumente \u2013 Damina Performance<\/title>\n<meta name=\"description\" content=\"Alle T\u00dcV-Gutachten und technischen Dokumente f\u00fcr Damina Performance Felgen. Schnell downloaden und direkt f\u00fcr die Eintragung nutzen.\" \/>\n<meta name=\"robots\" content=\"index, follow, max-snippet:-1, max-image-preview:large, max-video-preview:-1\" \/>\n<link rel=\"canonical\" href=\"https:\/\/damina-performance.de\/en\/appraise\/\" \/>\n<meta property=\"og:locale\" content=\"en_GB\" \/>\n<meta property=\"og:type\" content=\"article\" \/>\n<meta property=\"og:title\" content=\"Felgen Gutachten &amp; T\u00dcV Dokumente \u2013 Damina Performance\" \/>\n<meta property=\"og:description\" content=\"Alle T\u00dcV-Gutachten und technischen Dokumente f\u00fcr Damina Performance Felgen. Schnell downloaden und direkt f\u00fcr die Eintragung nutzen.\" \/>\n<meta property=\"og:url\" content=\"https:\/\/damina-performance.de\/en\/appraise\/\" \/>\n<meta property=\"og:site_name\" content=\"Damina Performance\" \/>\n<meta property=\"article:modified_time\" content=\"2026-03-12T13:34:57+00:00\" \/>\n<meta property=\"og:image\" content=\"https:\/\/damina-performance.de\/wp-content\/uploads\/2026\/03\/felge.webp\" \/>\n\t<meta property=\"og:image:width\" content=\"500\" \/>\n\t<meta property=\"og:image:height\" content=\"499\" \/>\n\t<meta property=\"og:image:type\" content=\"image\/webp\" \/>\n<meta name=\"twitter:card\" content=\"summary_large_image\" \/>\n<script type=\"application\/ld+json\" class=\"yoast-schema-graph\">{\"@context\":\"https:\\\/\\\/schema.org\",\"@graph\":[{\"@type\":\"WebPage\",\"@id\":\"https:\\\/\\\/damina-performance.de\\\/gutachten\\\/\",\"url\":\"https:\\\/\\\/damina-performance.de\\\/gutachten\\\/\",\"name\":\"Felgen Gutachten & T\u00dcV Dokumente \u2013 Damina Performance\",\"isPartOf\":{\"@id\":\"https:\\\/\\\/damina-performance.de\\\/#website\"},\"datePublished\":\"2026-03-10T19:15:20+00:00\",\"dateModified\":\"2026-03-12T13:34:57+00:00\",\"description\":\"Alle T\u00dcV-Gutachten und technischen Dokumente f\u00fcr Damina Performance Felgen. Schnell downloaden und direkt f\u00fcr die Eintragung nutzen.\",\"breadcrumb\":{\"@id\":\"https:\\\/\\\/damina-performance.de\\\/gutachten\\\/#breadcrumb\"},\"inLanguage\":\"en-GB\",\"potentialAction\":[{\"@type\":\"ReadAction\",\"target\":[\"https:\\\/\\\/damina-performance.de\\\/gutachten\\\/\"]}]},{\"@type\":\"BreadcrumbList\",\"@id\":\"https:\\\/\\\/damina-performance.de\\\/gutachten\\\/#breadcrumb\",\"itemListElement\":[{\"@type\":\"ListItem\",\"position\":1,\"name\":\"Start\",\"item\":\"https:\\\/\\\/damina-performance.de\\\/\"},{\"@type\":\"ListItem\",\"position\":2,\"name\":\"Gutachten\"}]},{\"@type\":\"WebSite\",\"@id\":\"https:\\\/\\\/damina-performance.de\\\/#website\",\"url\":\"https:\\\/\\\/damina-performance.de\\\/\",\"name\":\"Damina Performance\",\"description\":\"Fahrdynamik beginnt bei der Felge\",\"alternateName\":\"Damina\",\"potentialAction\":[{\"@type\":\"SearchAction\",\"target\":{\"@type\":\"EntryPoint\",\"urlTemplate\":\"https:\\\/\\\/damina-performance.de\\\/?s={search_term_string}\"},\"query-input\":{\"@type\":\"PropertyValueSpecification\",\"valueRequired\":true,\"valueName\":\"search_term_string\"}}],\"inLanguage\":\"en-GB\"}]}<\/script>","yoast_head_json":{"title":"Felgen Gutachten & T\u00dcV Dokumente \u2013 Damina Performance","description":"Alle T\u00dcV-Gutachten und technischen Dokumente f\u00fcr Damina Performance Felgen. Schnell downloaden und direkt f\u00fcr die Eintragung nutzen.","robots":{"index":"index","follow":"follow","max-snippet":"max-snippet:-1","max-image-preview":"max-image-preview:large","max-video-preview":"max-video-preview:-1"},"canonical":"https:\/\/damina-performance.de\/en\/appraise\/","og_locale":"en_GB","og_type":"article","og_title":"Felgen Gutachten & T\u00dcV Dokumente \u2013 Damina Performance","og_description":"Alle T\u00dcV-Gutachten und technischen Dokumente f\u00fcr Damina Performance Felgen. Schnell downloaden und direkt f\u00fcr die Eintragung nutzen.","og_url":"https:\/\/damina-performance.de\/en\/appraise\/","og_site_name":"Damina Performance","article_modified_time":"2026-03-12T13:34:57+00:00","og_image":[{"width":500,"height":499,"url":"https:\/\/damina-performance.de\/wp-content\/uploads\/2026\/03\/felge.webp","type":"image\/webp"}],"twitter_card":"summary_large_image","schema":{"@context":"https:\/\/schema.org","@graph":[{"@type":"WebPage","@id":"https:\/\/damina-performance.de\/gutachten\/","url":"https:\/\/damina-performance.de\/gutachten\/","name":"Felgen Gutachten & T\u00dcV Dokumente \u2013 Damina Performance","isPartOf":{"@id":"https:\/\/damina-performance.de\/#website"},"datePublished":"2026-03-10T19:15:20+00:00","dateModified":"2026-03-12T13:34:57+00:00","description":"Alle T\u00dcV-Gutachten und technischen Dokumente f\u00fcr Damina Performance Felgen. Schnell downloaden und direkt f\u00fcr die Eintragung nutzen.","breadcrumb":{"@id":"https:\/\/damina-performance.de\/gutachten\/#breadcrumb"},"inLanguage":"en-GB","potentialAction":[{"@type":"ReadAction","target":["https:\/\/damina-performance.de\/gutachten\/"]}]},{"@type":"BreadcrumbList","@id":"https:\/\/damina-performance.de\/gutachten\/#breadcrumb","itemListElement":[{"@type":"ListItem","position":1,"name":"Start","item":"https:\/\/damina-performance.de\/"},{"@type":"ListItem","position":2,"name":"Gutachten"}]},{"@type":"WebSite","@id":"https:\/\/damina-performance.de\/#website","url":"https:\/\/damina-performance.de\/","name":"Damina Performance","description":"Fahrdynamik beginnt bei der Felge","alternateName":"Damina","potentialAction":[{"@type":"SearchAction","target":{"@type":"EntryPoint","urlTemplate":"https:\/\/damina-performance.de\/?s={search_term_string}"},"query-input":{"@type":"PropertyValueSpecification","valueRequired":true,"valueName":"search_term_string"}}],"inLanguage":"en-GB"}]}},"_links":{"self":[{"href":"https:\/\/damina-performance.de\/en\/wp-json\/wp\/v2\/pages\/17","targetHints":{"allow":["GET"]}}],"collection":[{"href":"https:\/\/damina-performance.de\/en\/wp-json\/wp\/v2\/pages"}],"about":[{"href":"https:\/\/damina-performance.de\/en\/wp-json\/wp\/v2\/types\/page"}],"author":[{"embeddable":true,"href":"https:\/\/damina-performance.de\/en\/wp-json\/wp\/v2\/users\/1"}],"replies":[{"embeddable":true,"href":"https:\/\/damina-performance.de\/en\/wp-json\/wp\/v2\/comments?post=17"}],"version-history":[{"count":0,"href":"https:\/\/damina-performance.de\/en\/wp-json\/wp\/v2\/pages\/17\/revisions"}],"wp:attachment":[{"href":"https:\/\/damina-performance.de\/en\/wp-json\/wp\/v2\/media?parent=17"}],"curies":[{"name":"wp","href":"https:\/\/api.w.org\/{rel}","templated":true}]}}